{"id":3899,"date":"2026-03-18T15:27:10","date_gmt":"2026-03-18T14:27:10","guid":{"rendered":"https:\/\/scooterelettricigenova.store\/?page_id=3899"},"modified":"2026-03-18T15:30:26","modified_gmt":"2026-03-18T14:30:26","slug":"garanzia-6-anni-batteria","status":"publish","type":"page","link":"https:\/\/scooterelettricigenova.store\/index.php\/garanzia-6-anni-batteria\/","title":{"rendered":"GARANZIA 6 ANNI BATTERIA!"},"content":{"rendered":"<div class=\"wp-block-image\">\n<figure class=\"aligncenter size-full\"><img loading=\"lazy\" decoding=\"async\" width=\"1600\" height=\"700\" src=\"https:\/\/scooterelettricigenova.store\/wp-content\/uploads\/2026\/03\/230623-131817-20230622garanzia6anni02.jpg\" alt=\"\" class=\"wp-image-3881\" srcset=\"https:\/\/scooterelettricigenova.store\/wp-content\/uploads\/2026\/03\/230623-131817-20230622garanzia6anni02.jpg 1600w, https:\/\/scooterelettricigenova.store\/wp-content\/uploads\/2026\/03\/230623-131817-20230622garanzia6anni02-300x131.jpg 300w, https:\/\/scooterelettricigenova.store\/wp-content\/uploads\/2026\/03\/230623-131817-20230622garanzia6anni02-1024x448.jpg 1024w, https:\/\/scooterelettricigenova.store\/wp-content\/uploads\/2026\/03\/230623-131817-20230622garanzia6anni02-768x336.jpg 768w, https:\/\/scooterelettricigenova.store\/wp-content\/uploads\/2026\/03\/230623-131817-20230622garanzia6anni02-1536x672.jpg 1536w\" sizes=\"auto, (max-width: 1600px) 100vw, 1600px\" \/><\/figure>\n<\/div>\n\n\n<h2 class=\"wp-block-heading has-text-align-center\">GARANZIA BATTERIA 6 ANNI!<\/h2>\n\n\n\n<p>Un liceo, una laurea, un viaggio, un telefono, durano in media meno di 6 anni. Al contrario della garanzia di Askoll, consapevole che il&nbsp;<strong>regalo pi\u00f9 bello che si possa fare \u00e8 regalare del tempo in pi\u00f9<\/strong>.<\/p>\n\n\n\n<p>Quante cose possono succedere in&nbsp;<strong>6 anni<\/strong>? Pensate se questo tempo fosse coperto da una&nbsp;<strong>garanzia<\/strong>&nbsp;su tutti gli e-scooter,&nbsp;<strong>comprese le loro batterie<\/strong>&nbsp;(s\u00ec, avete letto bene!).<\/p>\n\n\n\n<p>Ci ha pensato anche Askoll che si presta a lanciare il nuovo programma di estensione di garanzia per gli scooter elettrici immatricolati dal 1 giugno 2023*. Un\u2019iniziativa valida su tutti i modelli in gamma: dall\u2019entry level eS City fino ai top di gamma, compreso il nuovissimo XKP.<\/p>\n\n\n\n<p>Come funziona? Semplice: una volta scelto l\u2019e-scooter pi\u00f9 adatto per voi, baster\u00e0 recarsi presso il vostro concessionario di fiducia. Lui sa gi\u00e0 tutto. Poi salite in sella e cominciate a viaggiare e a godervi la citt\u00e0 e i vostri nuovi ritmi. Nel corso degli anni, vi baster\u00e0 andare a trovare il vostro concessionario per svolgere tutti i tagliandi previsti dai manuali d\u2019uso e dal libretto garanzia. Basta pensieri. Niente pi\u00f9 sbatti.<\/p>\n\n\n\n<p><\/p>\n\n\n\n<p class=\"has-small-font-size\">*L\u2019estensione della garanzia \u00e8 valida per le linee retail degli e-scooter Askoll.<\/p>\n","protected":false},"excerpt":{"rendered":"<p>GARANZIA BATTERIA 6 ANNI! Un liceo, una laurea, un viaggio, un telefono, durano in media meno di 6 anni. Al contrario della garanzia di Askoll, consapevole che il&nbsp;regalo pi\u00f9 bello che si possa fare \u00e8 regalare del tempo in pi\u00f9. Quante cose possono succedere in&nbsp;6 anni? Pensate se questo tempo fosse coperto da una&nbsp;garanzia&nbsp;su tutti [&hellip;]<\/p>\n","protected":false},"author":4,"featured_media":0,"parent":0,"menu_order":0,"comment_status":"closed","ping_status":"closed","template":"","meta":{"footnotes":""},"class_list":["post-3899","page","type-page","status-publish","hentry"],"_links":{"self":[{"href":"https:\/\/scooterelettricigenova.store\/index.php\/wp-json\/wp\/v2\/pages\/3899","targetHints":{"allow":["GET"]}}],"collection":[{"href":"https:\/\/scooterelettricigenova.store\/index.php\/wp-json\/wp\/v2\/pages"}],"about":[{"href":"https:\/\/scooterelettricigenova.store\/index.php\/wp-json\/wp\/v2\/types\/page"}],"author":[{"embeddable":true,"href":"https:\/\/scooterelettricigenova.store\/index.php\/wp-json\/wp\/v2\/users\/4"}],"replies":[{"embeddable":true,"href":"https:\/\/scooterelettricigenova.store\/index.php\/wp-json\/wp\/v2\/comments?post=3899"}],"version-history":[{"count":4,"href":"https:\/\/scooterelettricigenova.store\/index.php\/wp-json\/wp\/v2\/pages\/3899\/revisions"}],"predecessor-version":[{"id":3904,"href":"https:\/\/scooterelettricigenova.store\/index.php\/wp-json\/wp\/v2\/pages\/3899\/revisions\/3904"}],"wp:attachment":[{"href":"https:\/\/scooterelettricigenova.store\/index.php\/wp-json\/wp\/v2\/media?parent=3899"}],"curies":[{"name":"wp","href":"https:\/\/api.w.org\/{rel}","templated":true}]}}