{"id":777,"date":"2023-04-03T10:16:45","date_gmt":"2023-04-03T08:16:45","guid":{"rendered":"https:\/\/scooterelettricigenova.store\/?page_id=777"},"modified":"2023-04-14T15:19:59","modified_gmt":"2023-04-14T13:19:59","slug":"noleggio-ebike","status":"publish","type":"page","link":"https:\/\/scooterelettricigenova.store\/index.php\/noleggio-ebike\/","title":{"rendered":"Noleggio eBike"},"content":{"rendered":"<h1 class=\"has-text-align-center wp-block-post-title\">Noleggio eBike<\/h1>\n\n<div class=\"wp-block-image\">\n<figure class=\"aligncenter size-full\"><img loading=\"lazy\" decoding=\"async\" width=\"1920\" height=\"860\" src=\"https:\/\/scooterelettricigenova.store\/wp-content\/uploads\/2023\/04\/Home_eB4.jpg\" alt=\"\" class=\"wp-image-1533\" srcset=\"https:\/\/scooterelettricigenova.store\/wp-content\/uploads\/2023\/04\/Home_eB4.jpg 1920w, https:\/\/scooterelettricigenova.store\/wp-content\/uploads\/2023\/04\/Home_eB4-300x134.jpg 300w, https:\/\/scooterelettricigenova.store\/wp-content\/uploads\/2023\/04\/Home_eB4-1024x459.jpg 1024w, https:\/\/scooterelettricigenova.store\/wp-content\/uploads\/2023\/04\/Home_eB4-768x344.jpg 768w, https:\/\/scooterelettricigenova.store\/wp-content\/uploads\/2023\/04\/Home_eB4-1536x688.jpg 1536w\" sizes=\"auto, (max-width: 1920px) 100vw, 1920px\" \/><\/figure>\n<\/div>\n\n\n<style>\n#hrbox {\n  border: 0;\n  height: 2px;\n  background-color: #CCC;\n}\n<\/style>\n<hr>\n\n\n\n<hr id=\"hrbox\">\n\n\n\n<div class=\"wp-block-columns is-layout-flex wp-container-core-columns-is-layout-9d6595d7 wp-block-columns-is-layout-flex\">\n<div class=\"wp-block-column is-layout-flow wp-block-column-is-layout-flow\">\n<h2 class=\"wp-block-heading has-text-align-center\">Uso Personale<\/h2>\n\n\n\n<hr id=\"hrbox\">\n\n\n\n<div class=\"wp-block-columns is-layout-flex wp-container-core-columns-is-layout-9d6595d7 wp-block-columns-is-layout-flex\">\n<div class=\"wp-block-column is-layout-flow wp-block-column-is-layout-flow\">\n<p>Una e-bike mantiene le stesse caratteristiche di ecosostenibilit\u00e0 di una bici tradizionale, aggiungendo per\u00f2 quel pizzico di divertimento in pi\u00f9 e una serie considerevole di vantaggi.<\/p>\n<\/div>\n\n\n\n<div class=\"wp-block-column is-layout-flow wp-block-column-is-layout-flow\">\n<p>Una eBike \u00e8 un mezzo altamente tecnologico pensato per sostituire l\u2019automobile in citt\u00e0, per essere liberi di arrivare dove un mezzo tradizionale non pu\u00f2 arrivare.<\/p>\n<\/div>\n<\/div>\n\n\n\n<h2 class=\"wp-block-heading has-text-align-center\">eBike Askoll eB4<\/h2>\n\n\n<div class=\"wp-block-image\">\n<figure class=\"aligncenter size-full\"><img loading=\"lazy\" decoding=\"async\" width=\"790\" height=\"450\" src=\"https:\/\/scooterelettricigenova.store\/wp-content\/uploads\/2023\/04\/Askoll_LT.png\" alt=\"\" class=\"wp-image-1547\" srcset=\"https:\/\/scooterelettricigenova.store\/wp-content\/uploads\/2023\/04\/Askoll_LT.png 790w, https:\/\/scooterelettricigenova.store\/wp-content\/uploads\/2023\/04\/Askoll_LT-300x171.png 300w, https:\/\/scooterelettricigenova.store\/wp-content\/uploads\/2023\/04\/Askoll_LT-768x437.png 768w\" sizes=\"auto, (max-width: 790px) 100vw, 790px\" \/><\/figure>\n<\/div>\n\n\n<br>\n\n\n\n<h3 class=\"wp-block-heading has-text-align-center\">Caratteristiche<\/h3>\n\n\n\n<table id=\"tablepress-8\" class=\"tablepress tablepress-id-8\">\n<thead>\n<tr class=\"row-1\">\n\t<th class=\"column-1\">Specifica<\/th><th class=\"column-2\">Parametro<\/th>\n<\/tr>\n<\/thead>\n<tbody class=\"row-striping row-hover\">\n<tr class=\"row-2\">\n\t<td class=\"column-1\">Velocit\u00e0<\/td><td class=\"column-2\">30 km\/h<\/td>\n<\/tr>\n<tr class=\"row-3\">\n\t<td class=\"column-1\">Tempo Ricarica<\/td><td class=\"column-2\">6 ore<\/td>\n<\/tr>\n<tr class=\"row-4\">\n\t<td class=\"column-1\">Autonomia<\/td><td class=\"column-2\">50 km<\/td>\n<\/tr>\n<\/tbody>\n<\/table>\n<!-- #tablepress-8 from cache -->\n\n\n\n<h3 class=\"wp-block-heading has-text-align-center\">Listino<\/h3>\n\n\n\n<table id=\"tablepress-9\" class=\"tablepress tablepress-id-9\">\n<thead>\n<tr class=\"row-1\">\n\t<th class=\"column-1\">Periodo<\/th><th class=\"column-2\">Listino<\/th>\n<\/tr>\n<\/thead>\n<tbody class=\"row-striping row-hover\">\n<tr class=\"row-2\">\n\t<td class=\"column-1\">Giornaliero<\/td><td class=\"column-2\">\u20ac 45.00<\/td>\n<\/tr>\n<tr class=\"row-3\">\n\t<td class=\"column-1\">Weekend<br \/>\nRitiro venerd\u00ec ore 18:00<br \/>\nConsegna luned\u00ec ore 10:00<\/td><td class=\"column-2\">\u20ac 100.00<\/td>\n<\/tr>\n<tr class=\"row-4\">\n\t<td class=\"column-1\">Mensile<\/td><td class=\"column-2\">\u20ac 190.00<\/td>\n<\/tr>\n<\/tbody>\n<\/table>\n<!-- #tablepress-9 from cache -->\n<\/div>\n<\/div>\n\n\n\n<hr id=\"hrbox\">\n\n\n\n<div class=\"wp-block-columns is-layout-flex wp-container-core-columns-is-layout-9d6595d7 wp-block-columns-is-layout-flex\">\n<div class=\"wp-block-column is-layout-flow wp-block-column-is-layout-flow\">\n<h2 class=\"wp-block-heading has-text-align-center\">Uso professionale<\/h2>\n\n\n\n<hr id=\"hrbox\">\n\n\n\n<div class=\"wp-block-columns is-layout-flex wp-container-core-columns-is-layout-9d6595d7 wp-block-columns-is-layout-flex\">\n<div class=\"wp-block-column is-layout-flow wp-block-column-is-layout-flow\">\n<p>Le bici elettriche sono ecologiche con zero emissioni di anidride carbonica e la capacit\u00e0 di trasportare qualsiasi cosa tu stia consegnando: giornali, pizza &#8230;!<\/p>\n<\/div>\n\n\n\n<div class=\"wp-block-column is-layout-flow wp-block-column-is-layout-flow\">\n<p>Un veicolo da lavoro per effettuare le tue consegne nelle migliori condizioni e senza limiti di chilometraggio. Offri di pi\u00f9 e suda di meno. Guadagna di pi\u00f9 e spendi di meno!<\/p>\n<\/div>\n<\/div>\n\n\n\n<h2 class=\"wp-block-heading has-text-align-center\">eBike GEN2+<\/h2>\n\n\n<div class=\"wp-block-image\">\n<figure class=\"aligncenter size-full\"><img loading=\"lazy\" decoding=\"async\" width=\"690\" height=\"356\" src=\"https:\/\/scooterelettricigenova.store\/wp-content\/uploads\/2023\/04\/ebike_gen2.png\" alt=\"\" class=\"wp-image-1711\" srcset=\"https:\/\/scooterelettricigenova.store\/wp-content\/uploads\/2023\/04\/ebike_gen2.png 690w, https:\/\/scooterelettricigenova.store\/wp-content\/uploads\/2023\/04\/ebike_gen2-300x155.png 300w\" sizes=\"auto, (max-width: 690px) 100vw, 690px\" \/><\/figure>\n<\/div>\n\n\n<p class=\"has-text-align-center\">Borsoni esclusi dal noleggio<\/p>\n\n\n\n<br>\n\n\n\n<h3 class=\"wp-block-heading has-text-align-center\">Caratteristiche<\/h3>\n\n\n\n<table id=\"tablepress-8-no-2\" class=\"tablepress tablepress-id-8\">\n<thead>\n<tr class=\"row-1\">\n\t<th class=\"column-1\">Specifica<\/th><th class=\"column-2\">Parametro<\/th>\n<\/tr>\n<\/thead>\n<tbody class=\"row-striping row-hover\">\n<tr class=\"row-2\">\n\t<td class=\"column-1\">Velocit\u00e0<\/td><td class=\"column-2\">30 km\/h<\/td>\n<\/tr>\n<tr class=\"row-3\">\n\t<td class=\"column-1\">Tempo Ricarica<\/td><td class=\"column-2\">6 ore<\/td>\n<\/tr>\n<tr class=\"row-4\">\n\t<td class=\"column-1\">Autonomia<\/td><td class=\"column-2\">50 km<\/td>\n<\/tr>\n<\/tbody>\n<\/table>\n<!-- #tablepress-8-no-2 from cache -->\n\n\n\n<h3 class=\"wp-block-heading has-text-align-center\">Listino<\/h3>\n\n\n\n<table id=\"tablepress-9-no-2\" class=\"tablepress tablepress-id-9\">\n<thead>\n<tr class=\"row-1\">\n\t<th class=\"column-1\">Periodo<\/th><th class=\"column-2\">Listino<\/th>\n<\/tr>\n<\/thead>\n<tbody class=\"row-striping row-hover\">\n<tr class=\"row-2\">\n\t<td class=\"column-1\">Giornaliero<\/td><td class=\"column-2\">\u20ac 45.00<\/td>\n<\/tr>\n<tr class=\"row-3\">\n\t<td class=\"column-1\">Weekend<br \/>\nRitiro venerd\u00ec ore 18:00<br \/>\nConsegna luned\u00ec ore 10:00<\/td><td class=\"column-2\">\u20ac 100.00<\/td>\n<\/tr>\n<tr class=\"row-4\">\n\t<td class=\"column-1\">Mensile<\/td><td class=\"column-2\">\u20ac 190.00<\/td>\n<\/tr>\n<\/tbody>\n<\/table>\n<!-- #tablepress-9-no-2 from cache -->\n\n\n\n<hr id=\"hrbox\">\n<\/div>\n<\/div>\n\n\n\n<div class=\"wp-block-buttons is-content-justification-center is-layout-flex wp-container-core-buttons-is-layout-16018d1d wp-block-buttons-is-layout-flex\">\n<div class=\"wp-block-button\"><a class=\"wp-block-button__link has-text-align-center wp-element-button\" href=\"https:\/\/scooterelettricigenova.store\/wp-content\/uploads\/2023\/04\/Askoll_Mappa_Universale_Bike_A4.pdf\">Scheda Tecnica eBike<\/a><\/div>\n<\/div>\n","protected":false},"excerpt":{"rendered":"<p>Uso Personale Una e-bike mantiene le stesse caratteristiche di ecosostenibilit\u00e0 di una bici tradizionale, aggiungendo per\u00f2 quel pizzico di divertimento in pi\u00f9 e una serie considerevole di vantaggi. Una eBike \u00e8 un mezzo altamente tecnologico pensato per sostituire l\u2019automobile in citt\u00e0, per essere liberi di arrivare dove un mezzo tradizionale non pu\u00f2 arrivare. eBike Askoll [&hellip;]<\/p>\n","protected":false},"author":4,"featured_media":0,"parent":0,"menu_order":0,"comment_status":"closed","ping_status":"closed","template":"","meta":{"footnotes":""},"class_list":["post-777","page","type-page","status-publish","hentry"],"_links":{"self":[{"href":"https:\/\/scooterelettricigenova.store\/index.php\/wp-json\/wp\/v2\/pages\/777","targetHints":{"allow":["GET"]}}],"collection":[{"href":"https:\/\/scooterelettricigenova.store\/index.php\/wp-json\/wp\/v2\/pages"}],"about":[{"href":"https:\/\/scooterelettricigenova.store\/index.php\/wp-json\/wp\/v2\/types\/page"}],"author":[{"embeddable":true,"href":"https:\/\/scooterelettricigenova.store\/index.php\/wp-json\/wp\/v2\/users\/4"}],"replies":[{"embeddable":true,"href":"https:\/\/scooterelettricigenova.store\/index.php\/wp-json\/wp\/v2\/comments?post=777"}],"version-history":[{"count":45,"href":"https:\/\/scooterelettricigenova.store\/index.php\/wp-json\/wp\/v2\/pages\/777\/revisions"}],"predecessor-version":[{"id":1714,"href":"https:\/\/scooterelettricigenova.store\/index.php\/wp-json\/wp\/v2\/pages\/777\/revisions\/1714"}],"wp:attachment":[{"href":"https:\/\/scooterelettricigenova.store\/index.php\/wp-json\/wp\/v2\/media?parent=777"}],"curies":[{"name":"wp","href":"https:\/\/api.w.org\/{rel}","templated":true}]}}